{"id":1120,"date":"2025-01-30T09:39:25","date_gmt":"2025-01-30T08:39:25","guid":{"rendered":"http:\/\/localhost:8888\/villasequoia\/?page_id=1120"},"modified":"2025-03-20T16:42:54","modified_gmt":"2025-03-20T15:42:54","slug":"privatisation","status":"publish","type":"page","link":"https:\/\/lavillasequoia.fr\/index.php\/privatisation\/","title":{"rendered":"Privatisation"},"content":{"rendered":"\t\t<div data-elementor-type=\"wp-page\" data-elementor-id=\"1120\" class=\"elementor elementor-1120\">\n\t\t\t\t<div class=\"elementor-element elementor-element-35352307 e-con-full e-flex e-con e-parent\" data-id=\"35352307\" data-element_type=\"container\" data-e-type=\"container\" data-settings=\"{&quot;background_background&quot;:&quot;classic&quot;,&quot;shape_divider_bottom&quot;:&quot;mountains&quot;}\">\n\t\t\t\t<div class=\"elementor-shape elementor-shape-bottom\" aria-hidden=\"true\" data-negative=\"false\">\n\t\t\t<svg xmlns=\"http:\/\/www.w3.org\/2000\/svg\" viewBox=\"0 0 1000 100\" preserveAspectRatio=\"none\">\n\t<path class=\"elementor-shape-fill\" opacity=\"0.33\" d=\"M473,67.3c-203.9,88.3-263.1-34-320.3,0C66,119.1,0,59.7,0,59.7V0h1000v59.7 c0,0-62.1,26.1-94.9,29.3c-32.8,3.3-62.8-12.3-75.8-22.1C806,49.6,745.3,8.7,694.9,4.7S492.4,59,473,67.3z\"\/>\n\t<path class=\"elementor-shape-fill\" opacity=\"0.66\" d=\"M734,67.3c-45.5,0-77.2-23.2-129.1-39.1c-28.6-8.7-150.3-10.1-254,39.1 s-91.7-34.4-149.2,0C115.7,118.3,0,39.8,0,39.8V0h1000v36.5c0,0-28.2-18.5-92.1-18.5C810.2,18.1,775.7,67.3,734,67.3z\"\/>\n\t<path class=\"elementor-shape-fill\" d=\"M766.1,28.9c-200-57.5-266,65.5-395.1,19.5C242,1.8,242,5.4,184.8,20.6C128,35.8,132.3,44.9,89.9,52.5C28.6,63.7,0,0,0,0 h1000c0,0-9.9,40.9-83.6,48.1S829.6,47,766.1,28.9z\"\/>\n<\/svg>\t\t<\/div>\n\t\t<div class=\"elementor-element elementor-element-75e4b621 animated-slow e-con-full e-flex elementor-invisible e-con e-child\" data-id=\"75e4b621\" data-element_type=\"container\" data-e-type=\"container\" data-settings=\"{&quot;animation&quot;:&quot;fadeInUp&quot;}\">\n\t\t\t\t<div class=\"elementor-element elementor-element-33fb56b2 elementor-widget elementor-widget-elementskit-heading\" data-id=\"33fb56b2\" data-element_type=\"widget\" data-e-type=\"widget\" data-widget_type=\"elementskit-heading.default\">\n\t\t\t\t<div class=\"elementor-widget-container\">\n\t\t\t\t\t<div class=\"ekit-wid-con\" ><div class=\"ekit-heading elementskit-section-title-wraper text_center   ekit_heading_tablet-   ekit_heading_mobile-\"><h1 class=\"ekit-heading--title elementskit-section-title \">Privatiser la Villa S\u00e9quoia<\/h1><div class=\"ekit_heading_separetor_wraper ekit_heading_ekit_border_custom\"><div class=\"ekit_border_custom\"><img decoding=\"async\" src=\"https:\/\/lavillasequoia.fr\/wp-content\/uploads\/elementor\/thumbs\/Fichier-261200-r14108mr7bhij7dtk98hnsbne0oerhjdm706elgkvk.png\" title=\"Fichier 261200\" alt=\"Fichier 261200\" loading=\"lazy\" \/><\/div><\/div>\t\t\t\t<div class='ekit-heading__description'>\n\t\t\t\t\t<p>Pour vos \u00e9v\u00e9nements priv\u00e9s<\/p>\n\t\t\t\t<\/div>\n\t\t\t<\/div><\/div>\t\t\t\t<\/div>\n\t\t\t\t<\/div>\n\t\t\t\t<\/div>\n\t\t\t\t<\/div>\n\t\t<div class=\"elementor-element elementor-element-4ac6d33 e-flex e-con-boxed elementor-invisible e-con e-parent\" data-id=\"4ac6d33\" data-element_type=\"container\" data-e-type=\"container\" data-settings=\"{&quot;background_background&quot;:&quot;classic&quot;,&quot;shape_divider_bottom&quot;:&quot;mountains&quot;,&quot;animation&quot;:&quot;fadeIn&quot;}\">\n\t\t\t\t\t<div class=\"e-con-inner\">\n\t\t\t\t<div class=\"elementor-shape elementor-shape-bottom\" aria-hidden=\"true\" data-negative=\"false\">\n\t\t\t<svg xmlns=\"http:\/\/www.w3.org\/2000\/svg\" viewBox=\"0 0 1000 100\" preserveAspectRatio=\"none\">\n\t<path class=\"elementor-shape-fill\" opacity=\"0.33\" d=\"M473,67.3c-203.9,88.3-263.1-34-320.3,0C66,119.1,0,59.7,0,59.7V0h1000v59.7 c0,0-62.1,26.1-94.9,29.3c-32.8,3.3-62.8-12.3-75.8-22.1C806,49.6,745.3,8.7,694.9,4.7S492.4,59,473,67.3z\"\/>\n\t<path class=\"elementor-shape-fill\" opacity=\"0.66\" d=\"M734,67.3c-45.5,0-77.2-23.2-129.1-39.1c-28.6-8.7-150.3-10.1-254,39.1 s-91.7-34.4-149.2,0C115.7,118.3,0,39.8,0,39.8V0h1000v36.5c0,0-28.2-18.5-92.1-18.5C810.2,18.1,775.7,67.3,734,67.3z\"\/>\n\t<path class=\"elementor-shape-fill\" d=\"M766.1,28.9c-200-57.5-266,65.5-395.1,19.5C242,1.8,242,5.4,184.8,20.6C128,35.8,132.3,44.9,89.9,52.5C28.6,63.7,0,0,0,0 h1000c0,0-9.9,40.9-83.6,48.1S829.6,47,766.1,28.9z\"\/>\n<\/svg>\t\t<\/div>\n\t\t\t\t<div class=\"elementor-element elementor-element-0d90be4 elementor-widget elementor-widget-image\" data-id=\"0d90be4\" data-element_type=\"widget\" data-e-type=\"widget\" data-widget_type=\"image.default\">\n\t\t\t\t<div class=\"elementor-widget-container\">\n\t\t\t\t\t\t\t\t\t\t\t\t\t\t\t<img decoding=\"async\" src=\"https:\/\/lavillasequoia.fr\/wp-content\/uploads\/elementor\/thumbs\/Fichier-281200-r14108mqu5ur6s4zjekvl3f56yy6jq60mp9z629wbg.png\" title=\"Fichier 281200\" alt=\"Fichier 281200\" loading=\"lazy\" \/>\t\t\t\t\t\t\t\t\t\t\t\t\t\t\t<\/div>\n\t\t\t\t<\/div>\n\t\t\t\t<div class=\"elementor-element elementor-element-21085cf elementor-invisible elementor-widget elementor-widget-heading\" data-id=\"21085cf\" data-element_type=\"widget\" data-e-type=\"widget\" data-settings=\"{&quot;_animation&quot;:&quot;fadeInUp&quot;}\" data-widget_type=\"heading.default\">\n\t\t\t\t<div class=\"elementor-widget-container\">\n\t\t\t\t\t<h2 class=\"elementor-heading-title elementor-size-default\">Privatiser la Villa S\u00e9quoia<\/h2>\t\t\t\t<\/div>\n\t\t\t\t<\/div>\n\t\t\t\t<div class=\"elementor-element elementor-element-5ff3e62 elementor-invisible elementor-widget elementor-widget-heading\" data-id=\"5ff3e62\" data-element_type=\"widget\" data-e-type=\"widget\" data-settings=\"{&quot;_animation&quot;:&quot;fadeInUp&quot;}\" data-widget_type=\"heading.default\">\n\t\t\t\t<div class=\"elementor-widget-container\">\n\t\t\t\t\t<h3 class=\"elementor-heading-title elementor-size-default\">pour tous vos \u00e9v\u00e9nements priv\u00e9s ou professionnels<\/h3>\t\t\t\t<\/div>\n\t\t\t\t<\/div>\n\t\t\t\t<div class=\"elementor-element elementor-element-4e11f66 elementor-widget elementor-widget-heading\" data-id=\"4e11f66\" data-element_type=\"widget\" data-e-type=\"widget\" data-widget_type=\"heading.default\">\n\t\t\t\t<div class=\"elementor-widget-container\">\n\t\t\t\t\t<h3 class=\"elementor-heading-title elementor-size-default\">Privatisez un espace unique pour vos \u00e9v\u00e9nements<\/h3>\t\t\t\t<\/div>\n\t\t\t\t<\/div>\n\t\t\t\t<div class=\"elementor-element elementor-element-53b0007 elementor-invisible elementor-widget elementor-widget-image\" data-id=\"53b0007\" data-element_type=\"widget\" data-e-type=\"widget\" data-settings=\"{&quot;_animation&quot;:&quot;fadeIn&quot;}\" data-widget_type=\"image.default\">\n\t\t\t\t<div class=\"elementor-widget-container\">\n\t\t\t\t\t\t\t\t\t\t\t\t\t\t\t<img fetchpriority=\"high\" decoding=\"async\" width=\"768\" height=\"512\" src=\"https:\/\/lavillasequoia.fr\/wp-content\/uploads\/2025\/01\/evenement-villa-sequoia-768x512.jpg\" class=\"attachment-medium_large size-medium_large wp-image-1117\" alt=\"Privatisation \u00e0 la Villa S\u00e9quoia - amis\" srcset=\"https:\/\/lavillasequoia.fr\/wp-content\/uploads\/2025\/01\/evenement-villa-sequoia-768x512.jpg 768w, https:\/\/lavillasequoia.fr\/wp-content\/uploads\/2025\/01\/evenement-villa-sequoia-300x200.jpg 300w, https:\/\/lavillasequoia.fr\/wp-content\/uploads\/2025\/01\/evenement-villa-sequoia-1024x683.jpg 1024w, https:\/\/lavillasequoia.fr\/wp-content\/uploads\/2025\/01\/evenement-villa-sequoia.jpg 1500w\" sizes=\"(max-width: 768px) 100vw, 768px\" \/>\t\t\t\t\t\t\t\t\t\t\t\t\t\t\t<\/div>\n\t\t\t\t<\/div>\n\t\t\t\t<div class=\"elementor-element elementor-element-d623b2b animated-fast elementor-invisible elementor-widget elementor-widget-text-editor\" data-id=\"d623b2b\" data-element_type=\"widget\" data-e-type=\"widget\" data-settings=\"{&quot;_animation&quot;:&quot;fadeInUp&quot;}\" data-widget_type=\"text-editor.default\">\n\t\t\t\t<div class=\"elementor-widget-container\">\n\t\t\t\t\t\t\t\t\t<p><strong>Envie d\u2019un lieu sympa et convivial pour une f\u00eate, un week-end entre amis ou un \u00e9v\u00e9nement en famille ?<\/strong><\/p><p>La Villa S\u00e9quoia est faite pour vous ! Avec sa grande piscine, sa terrasse ensoleill\u00e9e et son jardin parfait pour se d\u00e9tendre tranquilement, vous pourrez profiter d\u2019un cadre top rien que pour vous.<\/p><p>Que ce soit pour un anniversaire, un EVJF, une r\u00e9union de famille ou juste un moment entre proches, la Villa S\u00e9quoia vous accueille dans une ambiance d\u00e9tendue et chaleureuse.<\/p><p><strong>Profitez-en pour cr\u00e9er des souvenirs m\u00e9morables dans un cadre cosy et verdoyant !<\/strong><\/p>\t\t\t\t\t\t\t\t<\/div>\n\t\t\t\t<\/div>\n\t\t\t\t<div class=\"elementor-element elementor-element-8d9d7c4 elementor-view-default elementor-position-block-start elementor-mobile-position-block-start elementor-invisible elementor-widget elementor-widget-icon-box\" data-id=\"8d9d7c4\" data-element_type=\"widget\" data-e-type=\"widget\" data-settings=\"{&quot;_animation&quot;:&quot;bounceIn&quot;,&quot;_animation_delay&quot;:100}\" data-widget_type=\"icon-box.default\">\n\t\t\t\t<div class=\"elementor-widget-container\">\n\t\t\t\t\t\t\t<div class=\"elementor-icon-box-wrapper\">\n\n\t\t\t\t\t\t<div class=\"elementor-icon-box-icon\">\n\t\t\t\t<a href=\"https:\/\/lavillasequoia.fr\/index.php\/contact\/\" class=\"elementor-icon\" tabindex=\"-1\" aria-label=\"Devis sur-mesure\">\n\t\t\t\t<i aria-hidden=\"true\" class=\"icon icon-calculator2\"><\/i>\t\t\t\t<\/a>\n\t\t\t<\/div>\n\t\t\t\n\t\t\t\t\t\t<div class=\"elementor-icon-box-content\">\n\n\t\t\t\t\t\t\t\t\t<p class=\"elementor-icon-box-title\">\n\t\t\t\t\t\t<a href=\"https:\/\/lavillasequoia.fr\/index.php\/contact\/\" >\n\t\t\t\t\t\t\tDevis sur-mesure\t\t\t\t\t\t<\/a>\n\t\t\t\t\t<\/p>\n\t\t\t\t\n\t\t\t\t\t\t\t\t\t<p class=\"elementor-icon-box-description\">\n\t\t\t\t\t\tNous sommes \u00e0 l'\u00e9coute de vos besoins et envies pour une exp\u00e9rience personnalis\u00e9e.\t\t\t\t\t<\/p>\n\t\t\t\t\n\t\t\t<\/div>\n\t\t\t\n\t\t<\/div>\n\t\t\t\t\t\t<\/div>\n\t\t\t\t<\/div>\n\t\t\t\t<div class=\"elementor-element elementor-element-975996e elementor-widget elementor-widget-heading\" data-id=\"975996e\" data-element_type=\"widget\" data-e-type=\"widget\" data-widget_type=\"heading.default\">\n\t\t\t\t<div class=\"elementor-widget-container\">\n\t\t\t\t\t<h3 class=\"elementor-heading-title elementor-size-default\">Des \u00e9quipements \u00e0 votre disposition<\/h3>\t\t\t\t<\/div>\n\t\t\t\t<\/div>\n\t\t\t\t<div class=\"elementor-element elementor-element-5a62e0d animated-fast elementor-invisible elementor-widget elementor-widget-text-editor\" data-id=\"5a62e0d\" data-element_type=\"widget\" data-e-type=\"widget\" data-settings=\"{&quot;_animation&quot;:&quot;fadeInUp&quot;}\" data-widget_type=\"text-editor.default\">\n\t\t\t\t<div class=\"elementor-widget-container\">\n\t\t\t\t\t\t\t\t\t<p>Pour que vous et vos invit\u00e9s puissiez profiter pleinement de votre s\u00e9jour, nous avons pens\u00e9 \u00e0 tout !<\/p><ul><li>\u00a0<strong>Un espace am\u00e9nag\u00e9 et fonctionnel<\/strong> : profitez d\u2019un r\u00e9frig\u00e9rateur pour garder vos boissons et encas bien au frais, ainsi que des tables, chaises et mange-debout \u00e0 disposition pour partager des repas conviviaux en toute simplicit\u00e9.<\/li><li>\u00a0<strong>Des activit\u00e9s en plein air pour tous<\/strong> : que diriez-vous d\u2019une partie de p\u00e9tanque sous le soleil ou de jeux en ext\u00e9rieur pour s\u2019amuser et cr\u00e9er des souvenirs inoubliables ? Tout est pr\u00e9vu pour que petits et grands passent un moment agr\u00e9able !<\/li><\/ul>\t\t\t\t\t\t\t\t<\/div>\n\t\t\t\t<\/div>\n\t\t<div class=\"elementor-element elementor-element-07bd21a e-grid e-con-full e-con e-child\" data-id=\"07bd21a\" data-element_type=\"container\" data-e-type=\"container\">\n\t\t\t\t<div class=\"elementor-element elementor-element-d72bf25 elementor-invisible elementor-widget elementor-widget-image\" data-id=\"d72bf25\" data-element_type=\"widget\" data-e-type=\"widget\" data-settings=\"{&quot;_animation&quot;:&quot;fadeIn&quot;}\" data-widget_type=\"image.default\">\n\t\t\t\t<div class=\"elementor-widget-container\">\n\t\t\t\t\t\t\t\t\t\t\t\t\t\t\t<img decoding=\"async\" width=\"700\" height=\"700\" src=\"https:\/\/lavillasequoia.fr\/wp-content\/uploads\/2025\/03\/dj-mixage-e1742485208300.jpg\" class=\"attachment-full size-full wp-image-2271\" alt=\"\" srcset=\"https:\/\/lavillasequoia.fr\/wp-content\/uploads\/2025\/03\/dj-mixage-e1742485208300.jpg 700w, https:\/\/lavillasequoia.fr\/wp-content\/uploads\/2025\/03\/dj-mixage-e1742485208300-300x300.jpg 300w, https:\/\/lavillasequoia.fr\/wp-content\/uploads\/2025\/03\/dj-mixage-e1742485208300-150x150.jpg 150w\" sizes=\"(max-width: 700px) 100vw, 700px\" \/>\t\t\t\t\t\t\t\t\t\t\t\t\t\t\t<\/div>\n\t\t\t\t<\/div>\n\t\t\t\t<div class=\"elementor-element elementor-element-b78c83a elementor-invisible elementor-widget elementor-widget-image\" data-id=\"b78c83a\" data-element_type=\"widget\" data-e-type=\"widget\" data-settings=\"{&quot;_animation&quot;:&quot;fadeIn&quot;}\" data-widget_type=\"image.default\">\n\t\t\t\t<div class=\"elementor-widget-container\">\n\t\t\t\t\t\t\t\t\t\t\t\t\t\t\t<img decoding=\"async\" width=\"500\" height=\"500\" src=\"https:\/\/lavillasequoia.fr\/wp-content\/uploads\/2025\/03\/animation-ballons-1-e1742485168551.jpg\" class=\"attachment-full size-full wp-image-2382\" alt=\"\" srcset=\"https:\/\/lavillasequoia.fr\/wp-content\/uploads\/2025\/03\/animation-ballons-1-e1742485168551.jpg 500w, https:\/\/lavillasequoia.fr\/wp-content\/uploads\/2025\/03\/animation-ballons-1-e1742485168551-300x300.jpg 300w, https:\/\/lavillasequoia.fr\/wp-content\/uploads\/2025\/03\/animation-ballons-1-e1742485168551-150x150.jpg 150w\" sizes=\"(max-width: 500px) 100vw, 500px\" \/>\t\t\t\t\t\t\t\t\t\t\t\t\t\t\t<\/div>\n\t\t\t\t<\/div>\n\t\t\t\t<div class=\"elementor-element elementor-element-5e9f00f elementor-invisible elementor-widget elementor-widget-image\" data-id=\"5e9f00f\" data-element_type=\"widget\" data-e-type=\"widget\" data-settings=\"{&quot;_animation&quot;:&quot;fadeIn&quot;}\" data-widget_type=\"image.default\">\n\t\t\t\t<div class=\"elementor-widget-container\">\n\t\t\t\t\t\t\t\t\t\t\t\t\t\t\t<img loading=\"lazy\" decoding=\"async\" width=\"980\" height=\"980\" src=\"https:\/\/lavillasequoia.fr\/wp-content\/uploads\/2025\/01\/villa-sequoia-buffet-e1742485368652.jpg\" class=\"attachment-full size-full wp-image-1163\" alt=\"Une restauration pour un accueil raffin\u00e9 ou simple\" srcset=\"https:\/\/lavillasequoia.fr\/wp-content\/uploads\/2025\/01\/villa-sequoia-buffet-e1742485368652.jpg 980w, https:\/\/lavillasequoia.fr\/wp-content\/uploads\/2025\/01\/villa-sequoia-buffet-e1742485368652-300x300.jpg 300w, https:\/\/lavillasequoia.fr\/wp-content\/uploads\/2025\/01\/villa-sequoia-buffet-e1742485368652-150x150.jpg 150w, https:\/\/lavillasequoia.fr\/wp-content\/uploads\/2025\/01\/villa-sequoia-buffet-e1742485368652-768x768.jpg 768w\" sizes=\"(max-width: 980px) 100vw, 980px\" \/>\t\t\t\t\t\t\t\t\t\t\t\t\t\t\t<\/div>\n\t\t\t\t<\/div>\n\t\t\t\t<\/div>\n\t\t\t\t<div class=\"elementor-element elementor-element-239ea65 elementor-widget elementor-widget-heading\" data-id=\"239ea65\" data-element_type=\"widget\" data-e-type=\"widget\" data-widget_type=\"heading.default\">\n\t\t\t\t<div class=\"elementor-widget-container\">\n\t\t\t\t\t<h3 class=\"elementor-heading-title elementor-size-default\">Animations et services personnalis\u00e9s<\/h3>\t\t\t\t<\/div>\n\t\t\t\t<\/div>\n\t\t\t\t<div class=\"elementor-element elementor-element-a4b79f1 animated-fast elementor-invisible elementor-widget elementor-widget-text-editor\" data-id=\"a4b79f1\" data-element_type=\"widget\" data-e-type=\"widget\" data-settings=\"{&quot;_animation&quot;:&quot;fadeInUp&quot;}\" data-widget_type=\"text-editor.default\">\n\t\t\t\t<div class=\"elementor-widget-container\">\n\t\t\t\t\t\t\t\t\t<p>Nous vous accompagnons dans l\u2019organisation de votre \u00e9v\u00e9nement en vous proposant des prestations adapt\u00e9es :<br \/>\u2022 <strong>Ambiance musicale<\/strong> avec un disc-jockey ;<br \/>\u2022 <strong>Ateliers bien-\u00eatre<\/strong> (maquillage, manucure\u2026) anim\u00e9s par nos prestataires partenaires ;<br \/><strong>\u2022 Restauration<\/strong> : cocktail d\u00eenatoire, repas assis, food-truck\u2026<br \/><strong>\u2022 D\u00e9coration<\/strong> : mise en sc\u00e8ne personnalis\u00e9e selon votre th\u00e8me<br \/><strong>\u2022 Baby-shower<\/strong> : le lieu id\u00e9al et familial pour f\u00eater la venue de votre enfant !<\/p>\t\t\t\t\t\t\t\t<\/div>\n\t\t\t\t<\/div>\n\t\t\t\t\t<\/div>\n\t\t\t\t<\/div>\n\t\t<div class=\"elementor-element elementor-element-2f7167fd e-flex e-con-boxed e-con e-parent\" data-id=\"2f7167fd\" data-element_type=\"container\" data-e-type=\"container\" data-settings=\"{&quot;shape_divider_top&quot;:&quot;mountains&quot;}\">\n\t\t\t\t\t<div class=\"e-con-inner\">\n\t\t\t\t<div class=\"elementor-shape elementor-shape-top\" aria-hidden=\"true\" data-negative=\"false\">\n\t\t\t<svg xmlns=\"http:\/\/www.w3.org\/2000\/svg\" viewBox=\"0 0 1000 100\" preserveAspectRatio=\"none\">\n\t<path class=\"elementor-shape-fill\" opacity=\"0.33\" d=\"M473,67.3c-203.9,88.3-263.1-34-320.3,0C66,119.1,0,59.7,0,59.7V0h1000v59.7 c0,0-62.1,26.1-94.9,29.3c-32.8,3.3-62.8-12.3-75.8-22.1C806,49.6,745.3,8.7,694.9,4.7S492.4,59,473,67.3z\"\/>\n\t<path class=\"elementor-shape-fill\" opacity=\"0.66\" d=\"M734,67.3c-45.5,0-77.2-23.2-129.1-39.1c-28.6-8.7-150.3-10.1-254,39.1 s-91.7-34.4-149.2,0C115.7,118.3,0,39.8,0,39.8V0h1000v36.5c0,0-28.2-18.5-92.1-18.5C810.2,18.1,775.7,67.3,734,67.3z\"\/>\n\t<path class=\"elementor-shape-fill\" d=\"M766.1,28.9c-200-57.5-266,65.5-395.1,19.5C242,1.8,242,5.4,184.8,20.6C128,35.8,132.3,44.9,89.9,52.5C28.6,63.7,0,0,0,0 h1000c0,0-9.9,40.9-83.6,48.1S829.6,47,766.1,28.9z\"\/>\n<\/svg>\t\t<\/div>\n\t\t\t\t<div class=\"elementor-element elementor-element-f772a5e elementor-align-center elementor-widget elementor-widget-button\" data-id=\"f772a5e\" data-element_type=\"widget\" data-e-type=\"widget\" data-widget_type=\"button.default\">\n\t\t\t\t<div class=\"elementor-widget-container\">\n\t\t\t\t\t\t\t\t\t<div class=\"elementor-button-wrapper\">\n\t\t\t\t\t<a class=\"elementor-button elementor-button-link elementor-size-sm\" href=\"https:\/\/lavillasequoia.fr\/index.php\/contact\/\">\n\t\t\t\t\t\t<span class=\"elementor-button-content-wrapper\">\n\t\t\t\t\t\t\t\t\t<span class=\"elementor-button-text\">Je contacte la Villa S\u00e9quoia<\/span>\n\t\t\t\t\t<\/span>\n\t\t\t\t\t<\/a>\n\t\t\t\t<\/div>\n\t\t\t\t\t\t\t\t<\/div>\n\t\t\t\t<\/div>\n\t\t\t\t<div class=\"elementor-element elementor-element-357038a4 elementor-widget elementor-widget-text-editor\" data-id=\"357038a4\" data-element_type=\"widget\" data-e-type=\"widget\" data-widget_type=\"text-editor.default\">\n\t\t\t\t<div class=\"elementor-widget-container\">\n\t\t\t\t\t\t\t\t\t<p>Pour cr\u00e9ez des souvenirs inoubliables <br \/>dans un cadre chaleureux et convivial !<\/p>\t\t\t\t\t\t\t\t<\/div>\n\t\t\t\t<\/div>\n\t\t\t\t\t<\/div>\n\t\t\t\t<\/div>\n\t\t\t\t<\/div>\n\t\t","protected":false},"excerpt":{"rendered":"<p>Privatiser la Villa S\u00e9quoia Pour vos \u00e9v\u00e9nements priv\u00e9s Privatiser la Villa S\u00e9quoia pour tous vos \u00e9v\u00e9nements priv\u00e9s ou professionnels Privatisez un espace unique pour vos \u00e9v\u00e9nements Envie d\u2019un lieu sympa et convivial pour une f\u00eate, un week-end entre amis ou un \u00e9v\u00e9nement en famille ? La Villa S\u00e9quoia est faite pour vous ! Avec sa [&hellip;]<\/p>\n","protected":false},"author":1,"featured_media":0,"parent":0,"menu_order":0,"comment_status":"closed","ping_status":"closed","template":"elementor_header_footer","meta":{"_monsterinsights_skip_tracking":false,"_monsterinsights_sitenote_active":false,"_monsterinsights_sitenote_note":"","_monsterinsights_sitenote_category":0,"footnotes":""},"class_list":["post-1120","page","type-page","status-publish","hentry"],"aioseo_notices":[],"jetpack_sharing_enabled":true,"_links":{"self":[{"href":"https:\/\/lavillasequoia.fr\/index.php\/wp-json\/wp\/v2\/pages\/1120","targetHints":{"allow":["GET"]}}],"collection":[{"href":"https:\/\/lavillasequoia.fr\/index.php\/wp-json\/wp\/v2\/pages"}],"about":[{"href":"https:\/\/lavillasequoia.fr\/index.php\/wp-json\/wp\/v2\/types\/page"}],"author":[{"embeddable":true,"href":"https:\/\/lavillasequoia.fr\/index.php\/wp-json\/wp\/v2\/users\/1"}],"replies":[{"embeddable":true,"href":"https:\/\/lavillasequoia.fr\/index.php\/wp-json\/wp\/v2\/comments?post=1120"}],"version-history":[{"count":44,"href":"https:\/\/lavillasequoia.fr\/index.php\/wp-json\/wp\/v2\/pages\/1120\/revisions"}],"predecessor-version":[{"id":2391,"href":"https:\/\/lavillasequoia.fr\/index.php\/wp-json\/wp\/v2\/pages\/1120\/revisions\/2391"}],"wp:attachment":[{"href":"https:\/\/lavillasequoia.fr\/index.php\/wp-json\/wp\/v2\/media?parent=1120"}],"curies":[{"name":"wp","href":"https:\/\/api.w.org\/{rel}","templated":true}]}}